{"id":70,"date":"2018-07-23T21:35:11","date_gmt":"2018-07-24T00:35:11","guid":{"rendered":"http:\/\/certificavix.com.br\/?page_id=70"},"modified":"2018-07-23T21:35:11","modified_gmt":"2018-07-24T00:35:11","slug":"nf-e","status":"publish","type":"page","link":"https:\/\/certificavix.com.br\/index.php\/nf-e\/","title":{"rendered":"NF-E"},"content":{"rendered":"<p>O Certificado Digital para Nota Fiscal Eletr\u00f4nica \u2013 NF-e \u00e9 indicado para empresas de todos os portes e setores, que precisam emitir o documento fiscal.<\/p>\n<p>Ele \u00e9 associado ao CNPJ da empresa, mas cont\u00e9m o CPF da pessoa que o utilizar\u00e1 e, n\u00e3o precisa ser necessariamente o representante legal da organiza\u00e7\u00e3o. Esse \u00e9 o diferencial do Certificado NFe: voc\u00ea pode escolher um funcion\u00e1rio da sua empresa para essa atribui\u00e7\u00e3o.<\/p>\n<h4>\u00a0Onde utilizar o Certificado NF-e?<\/h4>\n<ul>\n<li>Nota Fiscal Eletr\u00f4nica \u2013 NF-e;<\/li>\n<li>Nota Fiscal de Consumidor Eletr\u00f4nica \u2013 NFC-e;<\/li>\n<li>Nota Fiscal Avulsa Eletr\u00f4nica \u2013 NFA-e;<\/li>\n<li>Nota Fiscal de Servi\u00e7os Eletr\u00f4nica \u2013 NFS-e<\/li>\n<li>Conhecimento de Transporte Eletr\u00f4nico \u2013 CT-e;<\/li>\n<li>Documentos Fiscais Eletr\u00f4nicos \u2013 DF-e.<\/li>\n<\/ul>\n<h4>Tipos de Certificado NF-e<\/h4>\n<p>Existem dois tipos principais de Certificado Digital NF-e:<\/p>\n<ul>\n<li>NF-e A1: gerado e armazenado diretamente em um computador, com validade de 1 ano;<\/li>\n<li>NF-e A3: gerado e armazenado diretamente em uma m\u00eddia criptogr\u00e1fica (token ou smart card), com validade de 1 a 3 anos.<\/li>\n<\/ul>\n<p>Aten\u00e7\u00e3o: Na hora de escolher o tipo do seu NF-e, informe se h\u00e1 alguma restri\u00e7\u00e3o para uso do tipo A1 ou A3 no sistema de emiss\u00e3o de notas fiscais eletr\u00f4nicas que ir\u00e1 utilizar.<\/p>\n","protected":false},"excerpt":{"rendered":"<p>O Certificado Digital para Nota Fiscal Eletr\u00f4nica \u2013 NF-e \u00e9 indicado para empresas de todos os portes e setores, que precisam emitir o documento fiscal. Ele \u00e9 associado ao CNPJ da empresa, mas cont\u00e9m o CPF da pessoa que o utilizar\u00e1 e, n\u00e3o precisa ser necessariamente o representante legal da organiza\u00e7\u00e3o. Esse \u00e9 o diferencial <a href=\"https:\/\/certificavix.com.br\/index.php\/nf-e\/\" rel=\"nofollow\"><span class=\"sr-only\">Leia mais sobreNF-E<\/span>[&hellip;]<\/a><\/p>\n","protected":false},"author":1,"featured_media":0,"parent":0,"menu_order":0,"comment_status":"closed","ping_status":"closed","template":"","meta":{"footnotes":""},"class_list":["post-70","page","type-page","status-publish","hentry"],"_links":{"self":[{"href":"https:\/\/certificavix.com.br\/index.php\/wp-json\/wp\/v2\/pages\/70","targetHints":{"allow":["GET"]}}],"collection":[{"href":"https:\/\/certificavix.com.br\/index.php\/wp-json\/wp\/v2\/pages"}],"about":[{"href":"https:\/\/certificavix.com.br\/index.php\/wp-json\/wp\/v2\/types\/page"}],"author":[{"embeddable":true,"href":"https:\/\/certificavix.com.br\/index.php\/wp-json\/wp\/v2\/users\/1"}],"replies":[{"embeddable":true,"href":"https:\/\/certificavix.com.br\/index.php\/wp-json\/wp\/v2\/comments?post=70"}],"version-history":[{"count":1,"href":"https:\/\/certificavix.com.br\/index.php\/wp-json\/wp\/v2\/pages\/70\/revisions"}],"predecessor-version":[{"id":71,"href":"https:\/\/certificavix.com.br\/index.php\/wp-json\/wp\/v2\/pages\/70\/revisions\/71"}],"wp:attachment":[{"href":"https:\/\/certificavix.com.br\/index.php\/wp-json\/wp\/v2\/media?parent=70"}],"curies":[{"name":"wp","href":"https:\/\/api.w.org\/{rel}","templated":true}]}}