{"id":68,"date":"2018-07-23T21:34:45","date_gmt":"2018-07-24T00:34:45","guid":{"rendered":"http:\/\/certificavix.com.br\/?page_id=68"},"modified":"2018-07-23T21:34:45","modified_gmt":"2018-07-24T00:34:45","slug":"ct-e","status":"publish","type":"page","link":"https:\/\/certificavix.com.br\/index.php\/ct-e\/","title":{"rendered":"CT-E"},"content":{"rendered":"<p>O Certificado Digital para Conhecimento de Transporte Eletr\u00f4nico \u2013 CT-e \u00e9 indicado para empresas que prestam servi\u00e7os de transporte de cargas, em qualquer categoria: a\u00e9reo, rodovi\u00e1rio, ferrovi\u00e1rio, aquavi\u00e1rio e dutovi\u00e1rio.<\/p>\n<p>Ele \u00e9 associado ao CNPJ da empresa, mas cont\u00e9m o CPF da pessoa que o utilizar\u00e1 e, n\u00e3o precisa ser necessariamente o representante legal da organiza\u00e7\u00e3o. Esse \u00e9 o diferencial do Certificado CTe: voc\u00ea pode escolher um funcion\u00e1rio da sua empresa para essa atribui\u00e7\u00e3o.<\/p>\n<h4>Onde utilizar o Certificado CT-e?<\/h4>\n<ul>\n<li>Emiss\u00e3o de Conhecimento de Transporte Eletr\u00f4nico \u2013 CT-e;<\/li>\n<li>Nota Fiscal Eletr\u00f4nica \u2013 NF-e;<\/li>\n<li>Nota Fiscal de Consumidor Eletr\u00f4nica \u2013 NFC-e;<\/li>\n<li>Nota Fiscal Avulsa Eletr\u00f4nica \u2013 NFA-e;<\/li>\n<li>Nota Fiscal de Servi\u00e7os Eletr\u00f4nica \u2013 NFS-e;<\/li>\n<li>Documentos Fiscais Eletr\u00f4nicos \u2013 DF-e.<\/li>\n<\/ul>\n<h4>Tipos de Certificado CT-e<\/h4>\n<p>Existem dois tipos principais de Certificado Digital CT-e:<\/p>\n<ul>\n<li>CT-e A1: gerado e armazenado diretamente em um computador, com validade de 1 ano;<\/li>\n<li>CT-e A3: gerado e armazenado diretamente em uma m\u00eddia criptogr\u00e1fica (token ou smart card), com validade de 1 a 3 anos.<\/li>\n<\/ul>\n<p>Aten\u00e7\u00e3o: Na hora de escolher o tipo do seu CT-e, informe se h\u00e1 alguma restri\u00e7\u00e3o para uso do tipo A1 ou A3 no sistema de emiss\u00e3o de notas fiscais eletr\u00f4nicas que ir\u00e1 utilizar.<\/p>\n","protected":false},"excerpt":{"rendered":"<p>O Certificado Digital para Conhecimento de Transporte Eletr\u00f4nico \u2013 CT-e \u00e9 indicado para empresas que prestam servi\u00e7os de transporte de cargas, em qualquer categoria: a\u00e9reo, rodovi\u00e1rio, ferrovi\u00e1rio, aquavi\u00e1rio e dutovi\u00e1rio. Ele \u00e9 associado ao CNPJ da empresa, mas cont\u00e9m o CPF da pessoa que o utilizar\u00e1 e, n\u00e3o precisa ser necessariamente o representante legal da <a href=\"https:\/\/certificavix.com.br\/index.php\/ct-e\/\" rel=\"nofollow\"><span class=\"sr-only\">Leia mais sobreCT-E<\/span>[&hellip;]<\/a><\/p>\n","protected":false},"author":1,"featured_media":0,"parent":0,"menu_order":0,"comment_status":"closed","ping_status":"closed","template":"","meta":{"footnotes":""},"class_list":["post-68","page","type-page","status-publish","hentry"],"_links":{"self":[{"href":"https:\/\/certificavix.com.br\/index.php\/wp-json\/wp\/v2\/pages\/68","targetHints":{"allow":["GET"]}}],"collection":[{"href":"https:\/\/certificavix.com.br\/index.php\/wp-json\/wp\/v2\/pages"}],"about":[{"href":"https:\/\/certificavix.com.br\/index.php\/wp-json\/wp\/v2\/types\/page"}],"author":[{"embeddable":true,"href":"https:\/\/certificavix.com.br\/index.php\/wp-json\/wp\/v2\/users\/1"}],"replies":[{"embeddable":true,"href":"https:\/\/certificavix.com.br\/index.php\/wp-json\/wp\/v2\/comments?post=68"}],"version-history":[{"count":1,"href":"https:\/\/certificavix.com.br\/index.php\/wp-json\/wp\/v2\/pages\/68\/revisions"}],"predecessor-version":[{"id":69,"href":"https:\/\/certificavix.com.br\/index.php\/wp-json\/wp\/v2\/pages\/68\/revisions\/69"}],"wp:attachment":[{"href":"https:\/\/certificavix.com.br\/index.php\/wp-json\/wp\/v2\/media?parent=68"}],"curies":[{"name":"wp","href":"https:\/\/api.w.org\/{rel}","templated":true}]}}