{"id":66,"date":"2018-07-23T21:34:17","date_gmt":"2018-07-24T00:34:17","guid":{"rendered":"http:\/\/certificavix.com.br\/?page_id=66"},"modified":"2018-07-23T21:34:17","modified_gmt":"2018-07-24T00:34:17","slug":"e-cnpj","status":"publish","type":"page","link":"https:\/\/certificavix.com.br\/index.php\/e-cnpj\/","title":{"rendered":"E-CNPJ"},"content":{"rendered":"<p>Conhecido popularmente como e-CNPJ ou e-PJ, o certificado digital pessoa jur\u00eddica \u00e9 vinculado ao representante legal ou procurador de uma empresa, com cadastro ativo na Receita Federal. O seu uso confere autenticidade, confidencialidade, integridade e o n\u00e3o rep\u00fadio aos servi\u00e7os realizados por meio dele na internet.<\/p>\n<p>Cont\u00e9m informa\u00e7\u00f5es como raz\u00e3o social, CNPJ, nome, RG, CPF e data de nascimento do usu\u00e1rio, al\u00e9m do prazo de validade, que pode ser de 1 a 3 anos.\u00a0O e-CNPJ j\u00e1 faz parte da rotina de muitas empresas e, em alguns casos, \u00e9 indispens\u00e1vel para estabelecer a comunica\u00e7\u00e3o com os \u00f3rg\u00e3os do Governo. Isso porque a ferramenta promove praticidade, celeridade nos processos, redu\u00e7\u00e3o de custos com deslocamentos, impress\u00e3o e papeis. \u00c9 uma tecnologia aliada \u00e0 sustentabilidade.<\/p>\n<h4>\u00a0Onde utilizar o e-CNPJ?<\/h4>\n<ul>\n<li>Receita Federal: CAGED, DIRF, PERDCOMP, DACON, DBF, DCIDE, DCP, DEREX, DCTF, CRED, DIF, DIMOB, DIMOF, DIPI-TIP, DNF, DSPJ, DTTA, e-CAC, Homolognet, RAIS, SICONFI, SIL, Leil\u00f5es eletr\u00f4nicos;<\/li>\n<li>SEFAZ: NF-e, NFA-e, NFC-e, NFS-e, CT-e, DF-e;<\/li>\n<li>Governo: SISCONSIG;<\/li>\n<li>Sa\u00fade: DMED, TISS;<\/li>\n<li>MEC: PROUNI;<\/li>\n<li>Seguran\u00e7a Privada: GESP;<\/li>\n<li>Detran: e-CNHsp;<\/li>\n<li>Setor P\u00fablico: ITR, DERC;<\/li>\n<li>SPED: ECD, EFD, ECF, eSocial;<\/li>\n<li>Caixa Econ\u00f4mica: FGTS, e-APS, Conectividade Social ICP;<\/li>\n<li>Zona Franca de Manaus: SUFRAMA;<\/li>\n<li>Parcelamento eletr\u00f4nico online de d\u00e9bitos Pessoas Jur\u00eddicas;<\/li>\n<li>Retifica\u00e7\u00e3o do DARF;<\/li>\n<li>Provis\u00e3o de Procura\u00e7\u00e3o Eletr\u00f4nica;<\/li>\n<li>Assinatura de e-mails, documentos e contratos digitais da Pessoa Jur\u00eddica;<\/li>\n<li>Dentre outros servi\u00e7os.<\/li>\n<\/ul>\n<h4>Tipos de e-CNPJ<\/h4>\n<p>Existem dois tipos principais de Certificado Digital e-CNPJ:<\/p>\n<ul>\n<li>e-CNPJ A1: gerado e armazenado diretamente em um computador, com validade de 1 ano;<\/li>\n<li>e-CNPJ A3: gerado e armazenado diretamente em uma m\u00eddia criptogr\u00e1fica (token ou smart card), com validade de 1 a 3 anos.<\/li>\n<\/ul>\n<p>Aten\u00e7\u00e3o: Na hora de escolher o seu e-CNPJ, informe se h\u00e1 alguma restri\u00e7\u00e3o para uso do tipo A1 ou A3, na opera\u00e7\u00e3o na qual pretende utiliz\u00e1-lo.<\/p>\n","protected":false},"excerpt":{"rendered":"<p>Conhecido popularmente como e-CNPJ ou e-PJ, o certificado digital pessoa jur\u00eddica \u00e9 vinculado ao representante legal ou procurador de uma empresa, com cadastro ativo na Receita Federal. O seu uso confere autenticidade, confidencialidade, integridade e o n\u00e3o rep\u00fadio aos servi\u00e7os realizados por meio dele na internet. Cont\u00e9m informa\u00e7\u00f5es como raz\u00e3o social, CNPJ, nome, RG, CPF <a href=\"https:\/\/certificavix.com.br\/index.php\/e-cnpj\/\" rel=\"nofollow\"><span class=\"sr-only\">Leia mais sobreE-CNPJ<\/span>[&hellip;]<\/a><\/p>\n","protected":false},"author":1,"featured_media":0,"parent":0,"menu_order":0,"comment_status":"closed","ping_status":"closed","template":"","meta":{"footnotes":""},"class_list":["post-66","page","type-page","status-publish","hentry"],"_links":{"self":[{"href":"https:\/\/certificavix.com.br\/index.php\/wp-json\/wp\/v2\/pages\/66","targetHints":{"allow":["GET"]}}],"collection":[{"href":"https:\/\/certificavix.com.br\/index.php\/wp-json\/wp\/v2\/pages"}],"about":[{"href":"https:\/\/certificavix.com.br\/index.php\/wp-json\/wp\/v2\/types\/page"}],"author":[{"embeddable":true,"href":"https:\/\/certificavix.com.br\/index.php\/wp-json\/wp\/v2\/users\/1"}],"replies":[{"embeddable":true,"href":"https:\/\/certificavix.com.br\/index.php\/wp-json\/wp\/v2\/comments?post=66"}],"version-history":[{"count":1,"href":"https:\/\/certificavix.com.br\/index.php\/wp-json\/wp\/v2\/pages\/66\/revisions"}],"predecessor-version":[{"id":67,"href":"https:\/\/certificavix.com.br\/index.php\/wp-json\/wp\/v2\/pages\/66\/revisions\/67"}],"wp:attachment":[{"href":"https:\/\/certificavix.com.br\/index.php\/wp-json\/wp\/v2\/media?parent=66"}],"curies":[{"name":"wp","href":"https:\/\/api.w.org\/{rel}","templated":true}]}}