{"id":64,"date":"2018-07-23T21:33:43","date_gmt":"2018-07-24T00:33:43","guid":{"rendered":"http:\/\/certificavix.com.br\/?page_id=64"},"modified":"2018-07-23T21:33:43","modified_gmt":"2018-07-24T00:33:43","slug":"e-cpf","status":"publish","type":"page","link":"https:\/\/certificavix.com.br\/index.php\/e-cpf\/","title":{"rendered":"E-CPF"},"content":{"rendered":"<p>\u00c9 a vers\u00e3o eletr\u00f4nica do CPF, indicada para pessoas e profissionais liberais, como: contador, advogado, m\u00e9dico, engenheiro, agr\u00f4nomo, militar etc.<\/p>\n<h4>Onde utilizar o e-CPF?<\/h4>\n<ul>\n<li>Receita Federal: CAGED, DIPF, DIRF, PERDCOMP, DACON, DEREX, DIMOB, DIMOF, DSPJ, e-CAC, IRPF, Homolognet, RAIS, SICONFI, SIL;<\/li>\n<li>SEFAZ: NFA-e;<\/li>\n<li>Governo: Empresa Simples, SISCONSIG;<\/li>\n<li>Sa\u00fade: DMED, SISREI, TISS;<\/li>\n<li>MEC: PROUNI;<\/li>\n<li>Detran: e-CNHsp;<\/li>\n<li>SPED: ECD, EFD, ECF, eSocial;<\/li>\n<li>Caixa Econ\u00f4mica: FGTS, e-APS, Conectividade Social ICP;<\/li>\n<li>Per\u00edcia Judicial;<\/li>\n<li>Justi\u00e7a: PJ-e, e-DOC, e-PET, e-STJ<\/li>\n<li>Siscomex (com\u00e9rcio exterior);<\/li>\n<li>Provis\u00e3o de Procura\u00e7\u00e3o Eletr\u00f4nica;<\/li>\n<li>Assinatura de e-mails, documentos e contratos digitais da Pessoa F\u00edsica, al\u00e9m de Prontu\u00e1rio Eletr\u00f4nico de Paciente (PEP);<\/li>\n<li>Dentre outros servi\u00e7os.<\/li>\n<\/ul>\n<h4>Tipos de e-CPF<\/h4>\n<p>Existem dois tipos principais de Certificado Digital e-CPF:<\/p>\n<ul>\n<li>e-CPF A1: gerado e armazenado diretamente em um computador, com validade de 1 ano;<\/li>\n<li>e-CPF A3: gerado e armazenado diretamente em uma m\u00eddia criptogr\u00e1fica (token ou smart card), com validade de 1 a 3 anos.<\/li>\n<\/ul>\n<p>Aten\u00e7\u00e3o: Na hora de escolher o seu e-CPF, informe se h\u00e1 alguma restri\u00e7\u00e3o para uso do tipo A1 ou A3, na opera\u00e7\u00e3o na qual pretende utiliz\u00e1-lo.<\/p>\n","protected":false},"excerpt":{"rendered":"<p>\u00c9 a vers\u00e3o eletr\u00f4nica do CPF, indicada para pessoas e profissionais liberais, como: contador, advogado, m\u00e9dico, engenheiro, agr\u00f4nomo, militar etc. Onde utilizar o e-CPF? Receita Federal: CAGED, DIPF, DIRF, PERDCOMP, DACON, DEREX, DIMOB, DIMOF, DSPJ, e-CAC, IRPF, Homolognet, RAIS, SICONFI, SIL; SEFAZ: NFA-e; Governo: Empresa Simples, SISCONSIG; Sa\u00fade: DMED, SISREI, TISS; MEC: PROUNI; Detran: e-CNHsp; <a href=\"https:\/\/certificavix.com.br\/index.php\/e-cpf\/\" rel=\"nofollow\"><span class=\"sr-only\">Leia mais sobreE-CPF<\/span>[&hellip;]<\/a><\/p>\n","protected":false},"author":1,"featured_media":0,"parent":0,"menu_order":0,"comment_status":"closed","ping_status":"closed","template":"","meta":{"footnotes":""},"class_list":["post-64","page","type-page","status-publish","hentry"],"_links":{"self":[{"href":"https:\/\/certificavix.com.br\/index.php\/wp-json\/wp\/v2\/pages\/64","targetHints":{"allow":["GET"]}}],"collection":[{"href":"https:\/\/certificavix.com.br\/index.php\/wp-json\/wp\/v2\/pages"}],"about":[{"href":"https:\/\/certificavix.com.br\/index.php\/wp-json\/wp\/v2\/types\/page"}],"author":[{"embeddable":true,"href":"https:\/\/certificavix.com.br\/index.php\/wp-json\/wp\/v2\/users\/1"}],"replies":[{"embeddable":true,"href":"https:\/\/certificavix.com.br\/index.php\/wp-json\/wp\/v2\/comments?post=64"}],"version-history":[{"count":1,"href":"https:\/\/certificavix.com.br\/index.php\/wp-json\/wp\/v2\/pages\/64\/revisions"}],"predecessor-version":[{"id":65,"href":"https:\/\/certificavix.com.br\/index.php\/wp-json\/wp\/v2\/pages\/64\/revisions\/65"}],"wp:attachment":[{"href":"https:\/\/certificavix.com.br\/index.php\/wp-json\/wp\/v2\/media?parent=64"}],"curies":[{"name":"wp","href":"https:\/\/api.w.org\/{rel}","templated":true}]}}