{"id":62,"date":"2018-07-23T21:32:56","date_gmt":"2018-07-24T00:32:56","guid":{"rendered":"http:\/\/certificavix.com.br\/?page_id=62"},"modified":"2019-10-02T08:39:11","modified_gmt":"2019-10-02T11:39:11","slug":"nossos-diferenciais","status":"publish","type":"page","link":"https:\/\/certificavix.com.br\/index.php\/nossos-diferenciais\/","title":{"rendered":"Nossos Diferenciais"},"content":{"rendered":"<p>Diante do crescente n\u00famero de empresas que atua no mercado, no segmento da Certifica\u00e7\u00e3o Digital, a Certifica Vix destaca-se pela excel\u00eancia na presta\u00e7\u00e3o dos servi\u00e7os, oferecendo aos clientes qualidade, efici\u00eancia e um modelo \u00fanico de atendimento.<\/p>\n<p>Conhe\u00e7a os nossos diferenciais.<\/p>\n<h4>COMPRA E AGENDAMENTO ON-LINE<\/h4>\n<p>Visando \u00e0 comodidade de seus clientes, a Certifica Vix\u00a0 desenvolveu uma plataforma de compra e agendamento pela internet. Com ele, \u00e9 poss\u00edvel comprar os produtos, bem como agendar, com flexibilidade de dia e hor\u00e1rio. As vantagens da utiliza\u00e7\u00e3o deste sistema s\u00e3o:<\/p>\n<ul>\n<li>Acesso aos hor\u00e1rios dispon\u00edveis;<\/li>\n<li>Melhor custo-benef\u00edcio;<\/li>\n<li>Facilidade na marca\u00e7\u00e3o e altera\u00e7\u00e3o da valida\u00e7\u00e3o<\/li>\n<li>Agilidade no processo de compra e marca\u00e7\u00e3o<\/li>\n<\/ul>\n<h4>SUPORTE PROATIVO<\/h4>\n<p>Com t\u00e9cnicas e procedimentos diferenciados, a Certifica Vix se destaca em diversos momentos:<\/p>\n<ul>\n<li>Na venda: Tanto a venda online quanto a presencial, \u00e9 realizada de forma clara e objetiva, de modo que o cliente possa estar sempre ciente do que est\u00e1 comprando.<\/li>\n<li>No atendimento: Nosso atendimento \u00e9 r\u00e1pido e eficaz, proporcionando ao cliente uma grande economia de tempo. Contamos com agentes de registros treinados para lhe atender da melhor maneira poss\u00edvel.<\/li>\n<li>Suporte: Nosso suporte est\u00e1 sempre dispon\u00edvel atrav\u00e9s do nosso e-mail ou da nossa central. Qualquer d\u00favida nossa equipe est\u00e1 sempre preparada para lhe atender.<\/li>\n<\/ul>\n<h4>TRANSPAR\u00caNCIA<\/h4>\n<p>A transpar\u00eancia do nosso trabalho mostra a seriedade com que tratamos nossos clientes. Por isso, a cada dia, a Certifica Vix \u00e9 mais respeitada e procurada no mercado.<\/p>\n<h4>CAPACITA\u00c7\u00c3O PROFISSIONAL<\/h4>\n<p>Contamos com profissionais altamente qualificados, capazes de lidar com todos os assuntos relacionados \u00e0 certifica\u00e7\u00e3o digital.<\/p>\n<p>Nossa equipe, preocupada com a qualidade na presta\u00e7\u00e3o dos servi\u00e7os, trabalha com seriedade e \u00e9tica, respeitando e colocando o cliente em primeiro lugar, contribuindo para a realiza\u00e7\u00e3o dos objetivos da empresa contratante.<\/p>\n","protected":false},"excerpt":{"rendered":"<p>Diante do crescente n\u00famero de empresas que atua no mercado, no segmento da Certifica\u00e7\u00e3o Digital, a Certifica Vix destaca-se pela excel\u00eancia na presta\u00e7\u00e3o dos servi\u00e7os, oferecendo aos clientes qualidade, efici\u00eancia e um modelo \u00fanico de atendimento. Conhe\u00e7a os nossos diferenciais. COMPRA E AGENDAMENTO ON-LINE Visando \u00e0 comodidade de seus clientes, a Certifica Vix\u00a0 desenvolveu uma <a href=\"https:\/\/certificavix.com.br\/index.php\/nossos-diferenciais\/\" rel=\"nofollow\"><span class=\"sr-only\">Leia mais sobreNossos Diferenciais<\/span>[&hellip;]<\/a><\/p>\n","protected":false},"author":1,"featured_media":0,"parent":0,"menu_order":0,"comment_status":"closed","ping_status":"closed","template":"","meta":{"footnotes":""},"class_list":["post-62","page","type-page","status-publish","hentry"],"_links":{"self":[{"href":"https:\/\/certificavix.com.br\/index.php\/wp-json\/wp\/v2\/pages\/62","targetHints":{"allow":["GET"]}}],"collection":[{"href":"https:\/\/certificavix.com.br\/index.php\/wp-json\/wp\/v2\/pages"}],"about":[{"href":"https:\/\/certificavix.com.br\/index.php\/wp-json\/wp\/v2\/types\/page"}],"author":[{"embeddable":true,"href":"https:\/\/certificavix.com.br\/index.php\/wp-json\/wp\/v2\/users\/1"}],"replies":[{"embeddable":true,"href":"https:\/\/certificavix.com.br\/index.php\/wp-json\/wp\/v2\/comments?post=62"}],"version-history":[{"count":3,"href":"https:\/\/certificavix.com.br\/index.php\/wp-json\/wp\/v2\/pages\/62\/revisions"}],"predecessor-version":[{"id":226,"href":"https:\/\/certificavix.com.br\/index.php\/wp-json\/wp\/v2\/pages\/62\/revisions\/226"}],"wp:attachment":[{"href":"https:\/\/certificavix.com.br\/index.php\/wp-json\/wp\/v2\/media?parent=62"}],"curies":[{"name":"wp","href":"https:\/\/api.w.org\/{rel}","templated":true}]}}