{"id":33,"date":"2018-07-22T17:25:41","date_gmt":"2018-07-22T20:25:41","guid":{"rendered":"http:\/\/certificavix.com.br\/?page_id=33"},"modified":"2018-11-20T13:47:23","modified_gmt":"2018-11-20T15:47:23","slug":"a-empresa","status":"publish","type":"page","link":"https:\/\/certificavix.com.br\/index.php\/a-empresa\/","title":{"rendered":"A Empresa"},"content":{"rendered":"<p>Localizada em Vila Velha-ES, a\u00a0Certifica Vix oferece seguran\u00e7a em certifica\u00e7\u00e3o digital \u00e0s empresas de todos os portes e setores, pessoas f\u00edsicas e profissionais liberais.<\/p>\n<p>Aliando tecnologia ao conhecimento, oferecemos um portf\u00f3lio de solu\u00e7\u00f5es abrangentes e adequadas ao seu modelo de neg\u00f3cio, com produtos altamente eficazes que utilizam tecnologia criptogr\u00e1fica para a prote\u00e7\u00e3o de transa\u00e7\u00f5es eletr\u00f4nicas, dados em repouso e identidades digitais.<\/p>\n<p>A Certifica Vix trabalha com honestidade e dedica\u00e7\u00e3o aos seus clientes, buscando um atendimento eficaz e diferenciado, trabalhando a cada dia para que os seus processos sejam enxutos e o seu cliente sejam cada dia melhor atendidos pela nossa equipe.<\/p>\n<p>Valorizamos os processos digitais, e acreditamos na universaliza\u00e7\u00e3o do uso da certifica\u00e7\u00e3o digital. Esperamos que em um futuro bem pr\u00f3ximo essa ferramenta seja cada vez mais utilizada em todos os processos digitais e transa\u00e7\u00f5es comerciais.<\/p>\n<p>Estamos no mercado para atend\u00ea-los, e para trazer uma maior satisfa\u00e7\u00e3o em todos os processos que envolvem a certifica\u00e7\u00e3o digital.<\/p>\n","protected":false},"excerpt":{"rendered":"<p>Localizada em Vila Velha-ES, a\u00a0Certifica Vix oferece seguran\u00e7a em certifica\u00e7\u00e3o digital \u00e0s empresas de todos os portes e setores, pessoas f\u00edsicas e profissionais liberais. Aliando tecnologia ao conhecimento, oferecemos um portf\u00f3lio de solu\u00e7\u00f5es abrangentes e adequadas ao seu modelo de neg\u00f3cio, com produtos altamente eficazes que utilizam tecnologia criptogr\u00e1fica para a prote\u00e7\u00e3o de transa\u00e7\u00f5es eletr\u00f4nicas, <a href=\"https:\/\/certificavix.com.br\/index.php\/a-empresa\/\" rel=\"nofollow\"><span class=\"sr-only\">Leia mais sobreA Empresa<\/span>[&hellip;]<\/a><\/p>\n","protected":false},"author":1,"featured_media":0,"parent":0,"menu_order":0,"comment_status":"closed","ping_status":"closed","template":"","meta":{"footnotes":""},"class_list":["post-33","page","type-page","status-publish","hentry"],"_links":{"self":[{"href":"https:\/\/certificavix.com.br\/index.php\/wp-json\/wp\/v2\/pages\/33","targetHints":{"allow":["GET"]}}],"collection":[{"href":"https:\/\/certificavix.com.br\/index.php\/wp-json\/wp\/v2\/pages"}],"about":[{"href":"https:\/\/certificavix.com.br\/index.php\/wp-json\/wp\/v2\/types\/page"}],"author":[{"embeddable":true,"href":"https:\/\/certificavix.com.br\/index.php\/wp-json\/wp\/v2\/users\/1"}],"replies":[{"embeddable":true,"href":"https:\/\/certificavix.com.br\/index.php\/wp-json\/wp\/v2\/comments?post=33"}],"version-history":[{"count":3,"href":"https:\/\/certificavix.com.br\/index.php\/wp-json\/wp\/v2\/pages\/33\/revisions"}],"predecessor-version":[{"id":137,"href":"https:\/\/certificavix.com.br\/index.php\/wp-json\/wp\/v2\/pages\/33\/revisions\/137"}],"wp:attachment":[{"href":"https:\/\/certificavix.com.br\/index.php\/wp-json\/wp\/v2\/media?parent=33"}],"curies":[{"name":"wp","href":"https:\/\/api.w.org\/{rel}","templated":true}]}}